{"id":159,"date":"2018-12-06T17:33:11","date_gmt":"2018-12-06T17:33:11","guid":{"rendered":"http:\/\/colingua.eu\/?page_id=159"},"modified":"2022-08-22T23:10:15","modified_gmt":"2022-08-22T22:10:15","slug":"success-stories","status":"publish","type":"page","link":"http:\/\/colingua.eu\/es\/success-stories\/","title":{"rendered":"Historias de \u00e9xito"},"content":{"rendered":"<p><\/p>\n<p class=\"lead\">La documentaci\u00f3n de lenguas no solo la llevan a cabo profesionales de ling\u00fc\u00edstica. Cada uno puede ponerse a grabar o tomar notas de los usuarios de la lengua que le interese o recoger textos escritos en ella (\u00a1no se olviden de conseguir el permiso de la persona que quieran grabar a quien le pertenecen los textos!). Los logros tecnol\u00f3gicos contempor\u00e1neos han hecho f\u00e1cil este tipo de actividades y han permitido compartir frutos de nuestro trabajo con gente de todo el mundo. En esta secci\u00f3n se presentan perfiles de personas y proyectos que exitosamente apoyan lenguas poco documentadas.<\/p>\n<p><\/p>","protected":false},"excerpt":{"rendered":"<p>La documentaci\u00f3n de lenguas no solo la llevan a cabo profesionales de ling\u00fc\u00edstica. Cada uno puede ponerse a grabar o tomar notas de los usuarios de la lengua que le interese o recoger textos escritos en ella (\u00a1no se olviden de conseguir el permiso de la persona que quieran grabar a quien le pertenecen los<\/p>\n","protected":false},"author":5,"featured_media":1264,"parent":0,"menu_order":0,"comment_status":"closed","ping_status":"closed","template":"page-templates\/success-stories-template.php","meta":[],"_links":{"self":[{"href":"http:\/\/colingua.eu\/es\/wp-json\/wp\/v2\/pages\/159"}],"collection":[{"href":"http:\/\/colingua.eu\/es\/wp-json\/wp\/v2\/pages"}],"about":[{"href":"http:\/\/colingua.eu\/es\/wp-json\/wp\/v2\/types\/page"}],"author":[{"embeddable":true,"href":"http:\/\/colingua.eu\/es\/wp-json\/wp\/v2\/users\/5"}],"replies":[{"embeddable":true,"href":"http:\/\/colingua.eu\/es\/wp-json\/wp\/v2\/comments?post=159"}],"version-history":[{"count":18,"href":"http:\/\/colingua.eu\/es\/wp-json\/wp\/v2\/pages\/159\/revisions"}],"predecessor-version":[{"id":2056,"href":"http:\/\/colingua.eu\/es\/wp-json\/wp\/v2\/pages\/159\/revisions\/2056"}],"wp:featuredmedia":[{"embeddable":true,"href":"http:\/\/colingua.eu\/es\/wp-json\/wp\/v2\/media\/1264"}],"wp:attachment":[{"href":"http:\/\/colingua.eu\/es\/wp-json\/wp\/v2\/media?parent=159"}],"curies":[{"name":"wp","href":"https:\/\/api.w.org\/{rel}","templated":true}]}}