{"id":180,"date":"2018-12-06T18:29:39","date_gmt":"2018-12-06T18:29:39","guid":{"rendered":"http:\/\/colingua.eu\/?page_id=180"},"modified":"2024-01-29T12:37:47","modified_gmt":"2024-01-29T11:37:47","slug":"about-us-pl","status":"publish","type":"page","link":"http:\/\/colingua.eu\/es\/about-us-pl\/","title":{"rendered":"Acerca de nosotros"},"content":{"rendered":"<p>La plataforma COLINGUA es fruto del proyecto COLING:\u00a0<em>Minority Languages, Major Opportunities. Collaborative Research, Community Engagement and Innovative Educational Tools<\/em>. Su objetivo es promover y desarrollar medidas sostenibles de revitalizaci\u00f3n y mantenimiento de lenguas.<\/p>\n<p>COLING es financiado por el programa Marie Sk\u0142odowska-Curie RISE en el marco de HORIZON 2020 y se lleva a cabo desde enero de 2018 hasta diciembre de 2021 (extensi\u00f3n hasta septiembre de 2023) (n\u00famero del proyecto: 778384).<\/p>\n<p>Trabajo de investigaci\u00f3n financiado con fondos para la ciencia otorgados por el Ministerio de Ciencia de la Rep\u00fablica de Polonia para la implementaci\u00f3n de un proyecto internacional cofinanciado bajo el contrato No. 4089\/H2020\/2018\/2 en los a\u00f1os 2018-2023.<\/p>\n<p>Para saber m\u00e1s, visita el <a href=\"https:\/\/coling.al.uw.edu.pl\/\">blog<\/a>.<\/p>\n<p>Visita la p\u00e1gina de COLING en <a href=\"https:\/\/www.facebook.com\/COLINGProject\" target=\"_blank\" rel=\"noopener\">Facebook<\/a>.<\/p>\n<p>Visita el perfil de COLING en <a href=\"https:\/\/www.youtube.com\/channel\/UC8wS37ysV4SkIt5uf3bdWlg\" target=\"_blank\" rel=\"noopener\">YouTube<\/a>.<\/p>\n<p>Mira el video sobre la escuela de primavera de COLING en Calabria &#8220;Fantastic Languages and where to find them:<\/p>\n<p><iframe loading=\"lazy\" title=\"YouTube video player\" src=\"https:\/\/www.youtube.com\/embed\/Uqx5sbFmgNQ\" width=\"338\" height=\"252\" frameborder=\"0\" allowfullscreen=\"allowfullscreen\"><span data-mce-type=\"bookmark\" style=\"display: inline-block; width: 0px; overflow: hidden; line-height: 0;\" class=\"mce_SELRES_start\">\ufeff<\/span><\/iframe><\/p>\n<p><a href=\"http:\/\/creativecommons.org\/licenses\/by-nc-nd\/4.0\/\" rel=\"license\"><img style=\"border-width: 0;\" src=\"https:\/\/i.creativecommons.org\/l\/by-nc-nd\/4.0\/88x31.png\" alt=\"Creative Commons License\" \/><\/a><br \/>\nUnless otherwise stated for particular fragments of content, the work published in this website is licensed under <a href=\"http:\/\/creativecommons.org\/licenses\/by-nc-nd\/4.0\/\" rel=\"license\">Creative Commons Attribution-NonCommercial-NoDerivatives 4.0 International License<\/a><\/p>","protected":false},"excerpt":{"rendered":"<p>La plataforma COLINGUA es fruto del proyecto COLING:\u00a0Minority Languages, Major Opportunities. Collaborative Research, Community Engagement and Innovative Educational Tools. Su objetivo es promover y desarrollar medidas sostenibles de revitalizaci\u00f3n y mantenimiento de lenguas. COLING es financiado por el programa Marie Sk\u0142odowska-Curie RISE en el marco de HORIZON 2020 y se lleva a cabo desde enero<\/p>\n","protected":false},"author":5,"featured_media":0,"parent":0,"menu_order":0,"comment_status":"closed","ping_status":"closed","template":"","meta":[],"_links":{"self":[{"href":"http:\/\/colingua.eu\/es\/wp-json\/wp\/v2\/pages\/180"}],"collection":[{"href":"http:\/\/colingua.eu\/es\/wp-json\/wp\/v2\/pages"}],"about":[{"href":"http:\/\/colingua.eu\/es\/wp-json\/wp\/v2\/types\/page"}],"author":[{"embeddable":true,"href":"http:\/\/colingua.eu\/es\/wp-json\/wp\/v2\/users\/5"}],"replies":[{"embeddable":true,"href":"http:\/\/colingua.eu\/es\/wp-json\/wp\/v2\/comments?post=180"}],"version-history":[{"count":41,"href":"http:\/\/colingua.eu\/es\/wp-json\/wp\/v2\/pages\/180\/revisions"}],"predecessor-version":[{"id":2865,"href":"http:\/\/colingua.eu\/es\/wp-json\/wp\/v2\/pages\/180\/revisions\/2865"}],"wp:attachment":[{"href":"http:\/\/colingua.eu\/es\/wp-json\/wp\/v2\/media?parent=180"}],"curies":[{"name":"wp","href":"https:\/\/api.w.org\/{rel}","templated":true}]}}