{"id":198,"date":"2018-12-06T20:17:14","date_gmt":"2018-12-06T20:17:14","guid":{"rendered":"http:\/\/colingua.eu\/?page_id=198"},"modified":"2023-09-08T13:17:59","modified_gmt":"2023-09-08T12:17:59","slug":"partnerzy","status":"publish","type":"page","link":"http:\/\/colingua.eu\/es\/partnerzy\/","title":{"rendered":"Socios"},"content":{"rendered":"<p><\/p>\n<p class=\"lead\">Cinco instituciones Acad\u00e9micas y dos organizaciones no gubernamentales en cuatro pa\u00edses de la Uni\u00f3n Europea participan en Coling, en colaboraci\u00f3n con seis instituciones en EUA y M\u00e9xico.<\/p>\n<ul>\n<li><a href=\"https:\/\/www.unc.edu\/\">Universidad de Carolina del Norte en Chapel Hill<\/a>, EE.UU.<\/li>\n<li><a href=\"https:\/\/www.utexas.edu\/\">Universidad de Texas en Austin<\/a>, EE.UU.<\/li>\n<li><a href=\"https:\/\/www.yale.edu\/\">Universidad Yale<\/a>, EE.UU.<\/li>\n<li><a href=\"https:\/\/www.si.edu\/\">Instituto Smithsoniano<\/a>, EE.UU.<\/li>\n<li><a href=\"https:\/\/arenet.org\/\">ARENET<\/a>, Red de Investigaci\u00f3n de las Am\u00e9ricas<\/li>\n<li><a href=\"http:\/\/www.idiezmacehualli.org\/\">Instituto de Docencia e Investigaci\u00f3n Etnol\u00f3gica de Zacatecas<\/a>, M\u00e9xico<\/li>\n<\/ul>\n<p>&nbsp;<\/p>\n<div class=\"page-main-title__big\">\n<h2><span style=\"color: #f4511e;\">Participantes<\/span><\/h2>\n<\/div>\n<ul>\n<li><a href=\"http:\/\/al.uw.edu.pl\/en\/\">Universidad de Varsovia, Facultad de Artes Liberales<\/a>, Polonia<\/li>\n<li><a href=\"http:\/\/wn.amu.edu.pl\/\">Universidad Adam Mickiewicz de Pozna\u0144, Facultad de Lenguas y Literaturas Modernas<\/a>, Polonia<\/li>\n<li><a href=\"https:\/\/www.rug.nl\/\">Universidad de Groningen<\/a>, Pa\u00edses Bajos<\/li>\n<li><a href=\"https:\/\/www.universiteitleiden.nl\/en\">Universidad de Leiden<\/a>, Pa\u00edses Bajos<\/li>\n<li><a href=\"https:\/\/www.fryske-akademy.nl\/en\/\">Fryske Akademy<\/a>, Leeuwarden, Pa\u00edses Bajos<\/li>\n<li><a href=\"http:\/\/www.galareagrecanica.it\/\">Gruppo di Azione Locale per lo Sviluppo Rurale dell\u2019Area Grecanica<\/a>, Italia<\/li>\n<li><a href=\"http:\/\/lgsc.lv\/\">LgSC<\/a>, Letonia<\/li>\n<\/ul>\n<p>&nbsp;<\/p>","protected":false},"excerpt":{"rendered":"<p>Cinco instituciones Acad\u00e9micas y dos organizaciones no gubernamentales en cuatro pa\u00edses de la Uni\u00f3n Europea participan en Coling, en colaboraci\u00f3n con seis instituciones en EUA y M\u00e9xico. Universidad de Carolina del Norte en Chapel Hill, EE.UU. Universidad de Texas en Austin, EE.UU. Universidad Yale, EE.UU. Instituto Smithsoniano, EE.UU. ARENET, Red de Investigaci\u00f3n de las Am\u00e9ricas<\/p>\n","protected":false},"author":5,"featured_media":0,"parent":0,"menu_order":0,"comment_status":"closed","ping_status":"closed","template":"page-templates\/partners-template.php","meta":[],"_links":{"self":[{"href":"http:\/\/colingua.eu\/es\/wp-json\/wp\/v2\/pages\/198"}],"collection":[{"href":"http:\/\/colingua.eu\/es\/wp-json\/wp\/v2\/pages"}],"about":[{"href":"http:\/\/colingua.eu\/es\/wp-json\/wp\/v2\/types\/page"}],"author":[{"embeddable":true,"href":"http:\/\/colingua.eu\/es\/wp-json\/wp\/v2\/users\/5"}],"replies":[{"embeddable":true,"href":"http:\/\/colingua.eu\/es\/wp-json\/wp\/v2\/comments?post=198"}],"version-history":[{"count":57,"href":"http:\/\/colingua.eu\/es\/wp-json\/wp\/v2\/pages\/198\/revisions"}],"predecessor-version":[{"id":2781,"href":"http:\/\/colingua.eu\/es\/wp-json\/wp\/v2\/pages\/198\/revisions\/2781"}],"wp:attachment":[{"href":"http:\/\/colingua.eu\/es\/wp-json\/wp\/v2\/media?parent=198"}],"curies":[{"name":"wp","href":"https:\/\/api.w.org\/{rel}","templated":true}]}}