{"id":208,"date":"2018-12-07T16:13:17","date_gmt":"2018-12-07T16:13:17","guid":{"rendered":"http:\/\/colingua.eu\/?page_id=208"},"modified":"2022-10-28T17:16:25","modified_gmt":"2022-10-28T16:16:25","slug":"best-practices","status":"publish","type":"page","link":"http:\/\/colingua.eu\/es\/best-practices\/","title":{"rendered":"Buenas pr\u00e1cticas"},"content":{"rendered":"<p>La secci\u00f3n de buenas pr\u00e1cticas incluye:<\/p>\n<p><a href=\"http:\/\/colingua.eu\/wp-content\/uploads\/2019\/01\/questions.png\"><img loading=\"lazy\" class=\"alignnone size-full wp-image-467\" src=\"http:\/\/colingua.eu\/wp-content\/uploads\/2019\/01\/questions.png\" alt=\"\" width=\"57\" height=\"58\" \/><\/a><\/p>\n<p><a href=\"http:\/\/colingua.eu\/en\/category\/experiences\/\">EXPERIENCIAS <\/a><\/p>\n<p>Experiencias, historias, reportajes de los miembros de las comunidades ling\u00fc\u00edsticas y de los investigadores.<\/p>\n<p><a href=\"http:\/\/colingua.eu\/wp-content\/uploads\/2019\/01\/cases.png\"><img loading=\"lazy\" class=\"alignnone size-full wp-image-468\" src=\"http:\/\/colingua.eu\/wp-content\/uploads\/2019\/01\/cases.png\" alt=\"\" width=\"57\" height=\"58\" \/><\/a><\/p>\n<p><a href=\"http:\/\/colingua.eu\/category\/show-cases\/\">CASOS DE MUESTRA <\/a><\/p>\n<p>Las &#8220;buenas pr\u00e1cticas&#8221; en uso: ejemplos de aplicaci\u00f3n, casos de documentaci\u00f3n ling\u00fc\u00edstica desde las comunidades, pr\u00e1cticas de investigaci\u00f3n desde los aprendices y maestros de idiomas y dialectos minoritarios. <\/p>\n<p><a href=\"http:\/\/colingua.eu\/wp-content\/uploads\/2019\/01\/method.png\"><img loading=\"lazy\" class=\"alignnone size-full wp-image-466\" src=\"http:\/\/colingua.eu\/wp-content\/uploads\/2019\/01\/method.png\" alt=\"\" width=\"57\" height=\"58\" \/><\/a><\/p>\n<p><span style=\"font-size: 1rem;\"><a href=\"http:\/\/colingua.eu\/category\/how-to-questions\/\">PREGUNTAS PR\u00c1CTICAS <\/a><\/span><\/p>\n<p>\u00bfC\u00f3mo empezar la pr\u00e1ctica de documentaci\u00f3n ling\u00fc\u00edstica, revitalizaci\u00f3n de una lengua menos documentada? Manuales, pautas y tutoriales de libre acceso.<\/p>","protected":false},"excerpt":{"rendered":"<p>La secci\u00f3n de buenas pr\u00e1cticas incluye: EXPERIENCIAS Experiencias, historias, reportajes de los miembros de las comunidades ling\u00fc\u00edsticas y de los investigadores. CASOS DE MUESTRA Las &#8220;buenas pr\u00e1cticas&#8221; en uso: ejemplos de aplicaci\u00f3n, casos de documentaci\u00f3n ling\u00fc\u00edstica desde las comunidades, pr\u00e1cticas de investigaci\u00f3n desde los aprendices y maestros de idiomas y dialectos minoritarios. PREGUNTAS PR\u00c1CTICAS \u00bfC\u00f3mo<\/p>\n","protected":false},"author":5,"featured_media":0,"parent":0,"menu_order":0,"comment_status":"closed","ping_status":"closed","template":"","meta":[],"_links":{"self":[{"href":"http:\/\/colingua.eu\/es\/wp-json\/wp\/v2\/pages\/208"}],"collection":[{"href":"http:\/\/colingua.eu\/es\/wp-json\/wp\/v2\/pages"}],"about":[{"href":"http:\/\/colingua.eu\/es\/wp-json\/wp\/v2\/types\/page"}],"author":[{"embeddable":true,"href":"http:\/\/colingua.eu\/es\/wp-json\/wp\/v2\/users\/5"}],"replies":[{"embeddable":true,"href":"http:\/\/colingua.eu\/es\/wp-json\/wp\/v2\/comments?post=208"}],"version-history":[{"count":17,"href":"http:\/\/colingua.eu\/es\/wp-json\/wp\/v2\/pages\/208\/revisions"}],"predecessor-version":[{"id":2572,"href":"http:\/\/colingua.eu\/es\/wp-json\/wp\/v2\/pages\/208\/revisions\/2572"}],"wp:attachment":[{"href":"http:\/\/colingua.eu\/es\/wp-json\/wp\/v2\/media?parent=208"}],"curies":[{"name":"wp","href":"https:\/\/api.w.org\/{rel}","templated":true}]}}