{"id":327,"date":"2018-12-11T08:17:14","date_gmt":"2018-12-11T08:17:14","guid":{"rendered":"http:\/\/colingua.eu\/?page_id=327"},"modified":"2023-08-10T22:37:07","modified_gmt":"2023-08-10T21:37:07","slug":"maya","status":"publish","type":"page","link":"http:\/\/colingua.eu\/es\/teaching-materials-2\/maya\/","title":{"rendered":"Maya cl\u00e1sico"},"content":{"rendered":"<p>Cuando los marineros europeos siguieron el sol y despu\u00e9s de 10 semanas llegaron a las primeras islas en el otro lado del Atl\u00e1ntico, ambas Am\u00e9ricas eran habitadas por millones de personas. En particular, Am\u00e9rica Central era la casa de numerosas y potentes civilizaciones, de las cuales la que por m\u00e1s tiempo hab\u00eda florecido era la maya.<\/p>\n<p>Los mayas nos dejaron cr\u00f3nicas hist\u00f3ricas escritas con un sistema de glifos en piedras, en cer\u00e1mica y otros objetos. Las bibliotecas mayas cayeron v\u00edctimas del clima y de la inquisici\u00f3n y solo fragmentos de cuatro sobrevivieron hasta hoy.<\/p>\n<p>Hoy en d\u00eda, cerca de 6 millones de personas hablan uno de los 30 idiomas mayas contempor\u00e1neos y, gracias a la creciente conciencia mundial de que ninguna cultura merece ser olvidada, m\u00e1s y m\u00e1s gente aprende a leer los glifos mayas, estudia la verdadera historia del \u00e1rea y de los logros impresionantes de las antiguas civilizaciones americanas en los \u00e1mbitos de agricultura, arquitectura, matem\u00e1tica, arte y literatura.<\/p>","protected":false},"excerpt":{"rendered":"<p>Cuando los marineros europeos siguieron el sol y despu\u00e9s de 10 semanas llegaron a las primeras islas en el otro lado del Atl\u00e1ntico, ambas Am\u00e9ricas eran habitadas por millones de personas. En particular, Am\u00e9rica Central era la casa de numerosas y potentes civilizaciones, de las cuales la que por m\u00e1s tiempo hab\u00eda florecido era la<\/p>\n","protected":false},"author":2,"featured_media":726,"parent":147,"menu_order":0,"comment_status":"closed","ping_status":"closed","template":"page-templates\/teaching-materials-category-template.php","meta":[],"_links":{"self":[{"href":"http:\/\/colingua.eu\/es\/wp-json\/wp\/v2\/pages\/327"}],"collection":[{"href":"http:\/\/colingua.eu\/es\/wp-json\/wp\/v2\/pages"}],"about":[{"href":"http:\/\/colingua.eu\/es\/wp-json\/wp\/v2\/types\/page"}],"author":[{"embeddable":true,"href":"http:\/\/colingua.eu\/es\/wp-json\/wp\/v2\/users\/2"}],"replies":[{"embeddable":true,"href":"http:\/\/colingua.eu\/es\/wp-json\/wp\/v2\/comments?post=327"}],"version-history":[{"count":16,"href":"http:\/\/colingua.eu\/es\/wp-json\/wp\/v2\/pages\/327\/revisions"}],"predecessor-version":[{"id":2653,"href":"http:\/\/colingua.eu\/es\/wp-json\/wp\/v2\/pages\/327\/revisions\/2653"}],"up":[{"embeddable":true,"href":"http:\/\/colingua.eu\/es\/wp-json\/wp\/v2\/pages\/147"}],"wp:featuredmedia":[{"embeddable":true,"href":"http:\/\/colingua.eu\/es\/wp-json\/wp\/v2\/media\/726"}],"wp:attachment":[{"href":"http:\/\/colingua.eu\/es\/wp-json\/wp\/v2\/media?parent=327"}],"curies":[{"name":"wp","href":"https:\/\/api.w.org\/{rel}","templated":true}]}}