{"id":810,"date":"2019-02-18T12:53:46","date_gmt":"2019-02-18T12:53:46","guid":{"rendered":"http:\/\/colingua.eu\/?page_id=810"},"modified":"2022-09-06T22:49:59","modified_gmt":"2022-09-06T21:49:59","slug":"powiazane-projekty","status":"publish","type":"page","link":"http:\/\/colingua.eu\/es\/powiazane-projekty\/","title":{"rendered":"Proyectos vinculados"},"content":{"rendered":"<p>Proyectos anteriores y actuales realizados con la participaci\u00f3n de los miembros del equipo de COLING:<\/p>\n<p><a href=\"http:\/\/www.dldp.eu\/en\" target=\"_blank\" rel=\"noopener noreferrer\">The Digital Language Diversity Project (DLDP)\u00a0<\/a><\/p>\n<p><a href=\"https:\/\/engagedhumanities.al.uw.edu.pl\/\" target=\"_blank\" rel=\"noopener\">Engaged Humanities<\/a><\/p>\n<p><a href=\"http:\/\/www.revitalization.al.uw.edu.pl\/\">Revitalizing Endangered Languages<\/a><\/p>\n<p><a href=\"http:\/\/inne-jezyki.amu.edu.pl\/\">Herencia ling\u00fc\u00edstica de la Rep\u00fablica de Polonia. Base de datos de la documentaci\u00f3n ling\u00fc\u00edstica<\/a><\/p>\n<p><a href=\"http:\/\/languagesindanger.eu\/\" target=\"_blank\" rel=\"noopener\">Languages in Danger. Difusi\u00f3n de conocimientos sobre lenguas y dialectos menos documentados<\/a><\/p>\n<p><a href=\"http:\/\/hipilatlit.ru.lv\/bonito\/run.cgi\/first_form\" target=\"_blank\" rel=\"noopener noreferrer\">Corpus de textos latgalianos modernos<\/a><\/p>\n<p><\/p>","protected":false},"excerpt":{"rendered":"<p>Proyectos anteriores y actuales realizados con la participaci\u00f3n de los miembros del equipo de COLING: The Digital Language Diversity Project (DLDP)\u00a0 Engaged Humanities Revitalizing Endangered Languages Herencia ling\u00fc\u00edstica de la Rep\u00fablica de Polonia. Base de datos de la documentaci\u00f3n ling\u00fc\u00edstica Languages in Danger. Difusi\u00f3n de conocimientos sobre lenguas y dialectos menos documentados Corpus de textos<\/p>\n","protected":false},"author":5,"featured_media":0,"parent":0,"menu_order":0,"comment_status":"closed","ping_status":"closed","template":"page-templates\/related-project-template.php","meta":[],"_links":{"self":[{"href":"http:\/\/colingua.eu\/es\/wp-json\/wp\/v2\/pages\/810"}],"collection":[{"href":"http:\/\/colingua.eu\/es\/wp-json\/wp\/v2\/pages"}],"about":[{"href":"http:\/\/colingua.eu\/es\/wp-json\/wp\/v2\/types\/page"}],"author":[{"embeddable":true,"href":"http:\/\/colingua.eu\/es\/wp-json\/wp\/v2\/users\/5"}],"replies":[{"embeddable":true,"href":"http:\/\/colingua.eu\/es\/wp-json\/wp\/v2\/comments?post=810"}],"version-history":[{"count":32,"href":"http:\/\/colingua.eu\/es\/wp-json\/wp\/v2\/pages\/810\/revisions"}],"predecessor-version":[{"id":2456,"href":"http:\/\/colingua.eu\/es\/wp-json\/wp\/v2\/pages\/810\/revisions\/2456"}],"wp:attachment":[{"href":"http:\/\/colingua.eu\/es\/wp-json\/wp\/v2\/media?parent=810"}],"curies":[{"name":"wp","href":"https:\/\/api.w.org\/{rel}","templated":true}]}}