{"id":159,"date":"2018-12-06T17:33:11","date_gmt":"2018-12-06T17:33:11","guid":{"rendered":"http:\/\/colingua.eu\/?page_id=159"},"modified":"2022-08-22T23:10:15","modified_gmt":"2022-08-22T22:10:15","slug":"success-stories","status":"publish","type":"page","link":"http:\/\/colingua.eu\/lv\/success-stories\/","title":{"rendered":"Veiksmes st\u0101sti"},"content":{"rendered":"<p><\/p>\n<p class=\"lead\">Dokumentacja j\u0119zyk\u00f3w nie jest wykonywana jedynie przez profesjonalnych j\u0119zykoznawc\u00f3w \u2013 ka\u017cdy mo\u017ce zacz\u0105\u0107 nagrywa\u0107 lub spisywa\u0107 u\u017cytkownik\u00f3w interesuj\u0105cego go j\u0119zyka czy zbiera\u0107 zapisane w nim teksty (nie zapomnijcie tylko otrzyma\u0107 pozwolenia od osoby, kt\u00f3r\u0105 chcecie nagrywa\u0107 albo do kt\u00f3rej teksty nale\u017c\u0105!). Wsp\u00f3\u0142czesne osi\u0105gni\u0119cia techniki uczyni\u0142y tego typu zaj\u0119cia rzecz\u0105 \u0142atw\u0105, a tak\u017ce umo\u017cliwi\u0142y dzielenie si\u0119 owocami naszej pracy z lud\u017ami na ca\u0142ym \u015bwiecie.<\/p>\n<p><\/p>","protected":false},"excerpt":{"rendered":"<p>Dokumentacja j\u0119zyk\u00f3w nie jest wykonywana jedynie przez profesjonalnych j\u0119zykoznawc\u00f3w \u2013 ka\u017cdy mo\u017ce zacz\u0105\u0107 nagrywa\u0107 lub spisywa\u0107 u\u017cytkownik\u00f3w interesuj\u0105cego go j\u0119zyka czy zbiera\u0107 zapisane w nim teksty (nie zapomnijcie tylko otrzyma\u0107 pozwolenia od osoby, kt\u00f3r\u0105 chcecie nagrywa\u0107 albo do kt\u00f3rej teksty nale\u017c\u0105!). Wsp\u00f3\u0142czesne osi\u0105gni\u0119cia techniki uczyni\u0142y tego typu zaj\u0119cia rzecz\u0105 \u0142atw\u0105, a tak\u017ce umo\u017cliwi\u0142y dzielenie si\u0119<\/p>\n","protected":false},"author":5,"featured_media":1264,"parent":0,"menu_order":0,"comment_status":"closed","ping_status":"closed","template":"page-templates\/success-stories-template.php","meta":[],"_links":{"self":[{"href":"http:\/\/colingua.eu\/lv\/wp-json\/wp\/v2\/pages\/159"}],"collection":[{"href":"http:\/\/colingua.eu\/lv\/wp-json\/wp\/v2\/pages"}],"about":[{"href":"http:\/\/colingua.eu\/lv\/wp-json\/wp\/v2\/types\/page"}],"author":[{"embeddable":true,"href":"http:\/\/colingua.eu\/lv\/wp-json\/wp\/v2\/users\/5"}],"replies":[{"embeddable":true,"href":"http:\/\/colingua.eu\/lv\/wp-json\/wp\/v2\/comments?post=159"}],"version-history":[{"count":18,"href":"http:\/\/colingua.eu\/lv\/wp-json\/wp\/v2\/pages\/159\/revisions"}],"predecessor-version":[{"id":2056,"href":"http:\/\/colingua.eu\/lv\/wp-json\/wp\/v2\/pages\/159\/revisions\/2056"}],"wp:featuredmedia":[{"embeddable":true,"href":"http:\/\/colingua.eu\/lv\/wp-json\/wp\/v2\/media\/1264"}],"wp:attachment":[{"href":"http:\/\/colingua.eu\/lv\/wp-json\/wp\/v2\/media?parent=159"}],"curies":[{"name":"wp","href":"https:\/\/api.w.org\/{rel}","templated":true}]}}