{"id":198,"date":"2018-12-06T20:17:14","date_gmt":"2018-12-06T20:17:14","guid":{"rendered":"http:\/\/colingua.eu\/?page_id=198"},"modified":"2023-09-08T13:17:59","modified_gmt":"2023-09-08T12:17:59","slug":"partnerzy","status":"publish","type":"page","link":"http:\/\/colingua.eu\/lv\/partnerzy\/","title":{"rendered":"Partneri"},"content":{"rendered":"<p><\/p>\n<p class=\"lead\">\u201cCoLing\u201d projekt\u0101 piedal\u0101s piecas akad\u0113misk\u0101s un divas nevalstisk\u0101s organiz\u0101cija no \u010detr\u0101m Eiropas valst\u012bm, sadarbojotis ar se\u0161\u0101m ASV un Meksikas organiz\u0101cij\u0101m.<\/p>\n<ul>\n<li><a href=\"https:\/\/www.unc.edu\/\">The University of North Carolina at Chapel Hill<\/a>, USA<\/li>\n<li><a href=\"https:\/\/www.utexas.edu\/\">The University of Texas<\/a>, USA<\/li>\n<li><a href=\"https:\/\/www.yale.edu\/\">Yale University<\/a>, USA<\/li>\n<li><a href=\"https:\/\/www.si.edu\/\">Smithsonian Institution<\/a>, USA<\/li>\n<li><a href=\"https:\/\/arenet.org\/\">ARENET<\/a>, The Americas Research Network<\/li>\n<li><a href=\"http:\/\/www.idiezmacehualli.org\/\">Instituto de Docencia e Investigaci\u00f3n Etnol\u00f3gica de Zacatecas<\/a>, Mexico<\/li>\n<\/ul>\n<p>&nbsp;<\/p>\n<h2><span style=\"color: #f4511e;\">Participants<\/span><\/h2>\n<ul>\n<li><a href=\"http:\/\/al.uw.edu.pl\/en\/\">University of Warsaw, Faculty of Artes Liberales<\/a>, Poland<\/li>\n<li><a href=\"http:\/\/wn.amu.edu.pl\/\">Adam Mickiewicz University in Poznan, Faculty of Modern Languages and Literatures<\/a>, Poland<\/li>\n<li><a href=\"https:\/\/www.rug.nl\/\">University of Groningen<\/a>, the Netherlands<\/li>\n<li><a href=\"https:\/\/www.universiteitleiden.nl\/en\">Leiden University<\/a>, the Netherlands<\/li>\n<li><a href=\"https:\/\/www.fryske-akademy.nl\/en\/\">Fryske Akademy<\/a>, Leeuwarden, the Netherlands<\/li>\n<li><a href=\"http:\/\/www.galareagrecanica.it\/\">Gruppo di Azione Locale per lo Sviluppo Rurale dell\u2019Area Grecanica<\/a>, Italy<\/li>\n<li><a href=\"http:\/\/lgsc.lv\/\">LgSC<\/a>, Latvia<\/li>\n<\/ul>\n<p><\/p>","protected":false},"excerpt":{"rendered":"<p>\u201cCoLing\u201d projekt\u0101 piedal\u0101s piecas akad\u0113misk\u0101s un divas nevalstisk\u0101s organiz\u0101cija no \u010detr\u0101m Eiropas valst\u012bm, sadarbojotis ar se\u0161\u0101m ASV un Meksikas organiz\u0101cij\u0101m. The University of North Carolina at Chapel Hill, USA The University of Texas, USA Yale University, USA Smithsonian Institution, USA ARENET, The Americas Research Network Instituto de Docencia e Investigaci\u00f3n Etnol\u00f3gica de Zacatecas, Mexico &nbsp;<\/p>\n","protected":false},"author":5,"featured_media":0,"parent":0,"menu_order":0,"comment_status":"closed","ping_status":"closed","template":"page-templates\/partners-template.php","meta":[],"_links":{"self":[{"href":"http:\/\/colingua.eu\/lv\/wp-json\/wp\/v2\/pages\/198"}],"collection":[{"href":"http:\/\/colingua.eu\/lv\/wp-json\/wp\/v2\/pages"}],"about":[{"href":"http:\/\/colingua.eu\/lv\/wp-json\/wp\/v2\/types\/page"}],"author":[{"embeddable":true,"href":"http:\/\/colingua.eu\/lv\/wp-json\/wp\/v2\/users\/5"}],"replies":[{"embeddable":true,"href":"http:\/\/colingua.eu\/lv\/wp-json\/wp\/v2\/comments?post=198"}],"version-history":[{"count":57,"href":"http:\/\/colingua.eu\/lv\/wp-json\/wp\/v2\/pages\/198\/revisions"}],"predecessor-version":[{"id":2781,"href":"http:\/\/colingua.eu\/lv\/wp-json\/wp\/v2\/pages\/198\/revisions\/2781"}],"wp:attachment":[{"href":"http:\/\/colingua.eu\/lv\/wp-json\/wp\/v2\/media?parent=198"}],"curies":[{"name":"wp","href":"https:\/\/api.w.org\/{rel}","templated":true}]}}